{"id":150,"date":"2024-03-12T15:27:28","date_gmt":"2024-03-12T15:27:28","guid":{"rendered":"https:\/\/osmove.be\/?page_id=150"},"modified":"2024-05-23T08:44:00","modified_gmt":"2024-05-23T07:44:00","slug":"maxime-lambert","status":"publish","type":"page","link":"https:\/\/osmove.be\/fr\/maxime-lambert\/","title":{"rendered":"\u00c0 Propos"},"content":{"rendered":"\n<div class=\"wp-block-stackable-image stk-block-image stk-block stk-365a717\" data-block-id=\"365a717\"><style>.stk-365a717{margin-bottom:15px !important}.stk-365a717 .stk-img-wrapper{width:400px !important}.stk-365a717 .stk-img-wrapper img{object-position:23% 19% !important}@media screen and (max-width:689px){.stk-365a717 .stk-img-wrapper{width:240px !important}}<\/style><figure><span class=\"stk-img-wrapper stk-image--shape-stretch\"><img data-recalc-dims=\"1\" loading=\"lazy\" decoding=\"async\" class=\"stk-img wp-image-1442\" src=\"https:\/\/i0.wp.com\/osmove.be\/wp-content\/uploads\/2024\/05\/maxime-lambert-profile-600.jpg?resize=600%2C589&#038;ssl=1\" width=\"600\" height=\"589\" alt=\"Maxime Lambert\" srcset=\"https:\/\/i0.wp.com\/osmove.be\/wp-content\/uploads\/2024\/05\/maxime-lambert-profile-600.jpg?w=600&amp;ssl=1 600w, https:\/\/i0.wp.com\/osmove.be\/wp-content\/uploads\/2024\/05\/maxime-lambert-profile-600.jpg?resize=300%2C295&amp;ssl=1 300w\" sizes=\"auto, (max-width: 600px) 100vw, 600px\" \/><\/span><\/figure><\/div>\n\n\n\n<div class=\"wp-block-stackable-heading stk-block-heading stk-block-heading--v2 stk-block stk-9fb2ade\" id=\"maxime-lambert\" data-block-id=\"9fb2ade\"><style>.stk-9fb2ade{margin-bottom:10px !important}.stk-9fb2ade .stk-block-heading__text{font-size:30px !important;color:var(--theme-palette-color-5,#00196d) !important}.stk-9fb2ade .stk-block-heading__bottom-line{background-color:var(--theme-palette-color-5,#00196d) !important;margin-top:10px !important;margin-left:auto !important;margin-right:auto !important}@media screen and (max-width:999px){.stk-9fb2ade .stk-block-heading__text{font-size:30px !important}}@media screen and (max-width:689px){.stk-9fb2ade .stk-block-heading__text{font-size:32px !important}}<\/style><h2 class=\"stk-block-heading__text has-text-color has-text-align-center\">Maxime Lambert<\/h2><div class=\"stk-block-heading__bottom-line\"><\/div><\/div>\n\n\n\n<div class=\"wp-block-stackable-text stk-block-text stk-block stk-f99387e\" data-block-id=\"f99387e\"><p class=\"stk-block-text__text has-text-align-center\">Ost\u00e9opathe sp\u00e9cialis\u00e9 dans la prise en charge du sportif, dipl\u00f4m\u00e9 de l\u2019<strong>Universit\u00e9 libre de Bruxelles<\/strong> et fondateur de la m\u00e9thode Osmove.<\/p><\/div>\n\n\n\n<div class=\"wp-block-stackable-button-group stk-block-button-group stk-block stk-b39482c\" data-block-id=\"b39482c\"><style>.stk-b39482c{margin-bottom:50px !important}<\/style><div class=\"stk-row stk-inner-blocks has-text-align-center stk-block-content stk-button-group\">\n<div class=\"wp-block-stackable-button stk-block-button is-style-ghost stk-block stk-e7596f2\" data-block-id=\"e7596f2\"><style>.stk-e7596f2 .stk-button{padding-top:8px !important;padding-bottom:8px !important;background:transparent !important}.stk-e7596f2 .stk-button:hover:after{background:var(--theme-palette-color-5,#00196d) !important;opacity:1 !important}:where(.stk-hover-parent:hover,.stk-hover-parent.stk--is-hovered) .stk-e7596f2 .stk-button:after{background:transparent !important;opacity:1 !important}.stk-e7596f2 .stk-button:before{border-style:solid !important;border-color:var(--theme-palette-color-5,#00196d) !important;border-top-width:2px !important;border-right-width:2px !important;border-bottom-width:2px !important;border-left-width:2px !important}.stk-e7596f2 .stk-button__inner-text{color:var(--theme-palette-color-5,#00196d) !important;font-weight:600 !important;text-transform:uppercase !important}.stk-e7596f2 .stk-button:hover .stk-button__inner-text{color:var(--theme-palette-color-8,#ffffff) !important}<\/style><a class=\"stk-link stk-button stk--hover-effect-darken\" href=\"https:\/\/osmove.be\/fr\/contact\/\"><span class=\"has-text-color stk-button__inner-text\">Contact<\/span><\/a><\/div>\n<\/div><\/div>\n\n\n\n<div class=\"wp-block-stackable-columns stk-block-columns stk-block stk-ff490f9\" data-block-id=\"ff490f9\"><style>.stk-ff490f9-column{--stk-columns-spacing:0px !important;--stk-column-gap:50px !important;row-gap:15px !important}@media screen and (max-width:999px){.stk-ff490f9-column{--stk-column-gap:15px !important}}@media screen and (max-width:689px){.stk-ff490f9{margin-top:0px !important;margin-bottom:50px !important}}<\/style><div class=\"stk-row stk-inner-blocks stk-block-content stk-content-align stk-ff490f9-column\">\n<div class=\"wp-block-stackable-column stk-block-column stk-column stk-block stk-c889373 stk-block-background stk-entrance\" data-v=\"4\" data-block-id=\"c889373\"><style>.stk-c889373{background-color:var(--theme-palette-color-5,#00196d) !important;background-position:top right !important;background-repeat:no-repeat !important;background-size:120px !important;padding-top:30px !important;padding-right:30px !important;padding-bottom:30px !important;padding-left:30px !important;--entrance-transform:translateX(50px) !important;--entrance-duration:0.75s !important;overflow:visible !important}.stk-c889373:before{background-color:var(--theme-palette-color-5,#00196d) !important}.stk-c889373 .stk-container{overflow:visible !important}@media screen and (min-width:690px) and (max-width:999px){.stk-c889373{flex:var(--stk-flex-grow,1) 1 calc(50% - var(--stk-column-gap,0px) * 1 \/ 2 ) !important}}@media screen and (max-width:689px){.stk-c889373{padding-top:15px !important;padding-right:15px !important;padding-bottom:15px !important;padding-left:15px !important}}<\/style><div class=\"stk-column-wrapper stk-block-column__content stk-container stk-c889373-container stk--no-background stk--no-padding\"><div class=\"stk-block-content stk-inner-blocks stk-c889373-inner-blocks\">\n<div class=\"wp-block-stackable-text stk-block-text stk-block stk-10d687b\" data-block-id=\"10d687b\"><style>.stk-10d687b{margin-bottom:10px !important}.stk-10d687b .stk-block-text__text{color:var(--theme-palette-color-8,#ffffff) !important}<\/style><p class=\"stk-block-text__text has-text-color\">\u00ab\u00a0Ma&nbsp;pratique sportive, depuis les Etats-Unis a \u00e9veill\u00e9 en moi le d\u00e9sir de mieux comprendre le corps humain et sa biom\u00e9canique afin de&nbsp;r\u00e9v\u00e9ler son r\u00e9el potentiel athl\u00e9tique. Ma curiosit\u00e9 ainsi que ma cr\u00e9ativit\u00e9 m\u2019ont pouss\u00e9 \u00e0 chercher de mani\u00e8re m\u00e9ticuleuse les outils pour d\u00e9velopper une approche innovante afin de r\u00e9pondre aux besoins vari\u00e9s du patient.<\/p><\/div>\n\n\n\n<div class=\"wp-block-stackable-text stk-block-text stk-block stk-6f445d0\" data-block-id=\"6f445d0\"><style>.stk-6f445d0{margin-bottom:10px !important}.stk-6f445d0 .stk-block-text__text{color:var(--theme-palette-color-8,#ffffff) !important}<\/style><p class=\"stk-block-text__text has-text-color\">C\u2019est ainsi que j\u2019ai alors entrepris de poursuivre des \u00e9tudes universitaires en ost\u00e9opathie \u00e0 l\u2019ULB que j\u2019ai compl\u00e9ment\u00e9es par des exp\u00e9riences pratiques \u00e0 travers l\u2019Europe aupr\u00e8s de professionels de sant\u00e9.\u00a0\u00bb<\/p><\/div>\n<\/div><\/div><\/div>\n<\/div><\/div>\n","protected":false},"excerpt":{"rendered":"<p>Maxime Lambert Ost\u00e9opathe sp\u00e9cialis\u00e9 dans la prise en charge du sportif, dipl\u00f4m\u00e9 de l\u2019Universit\u00e9 libre de Bruxelles et fondateur de la m\u00e9thode Osmove. Contact \u00ab\u00a0Ma&nbsp;pratique sportive, depuis les Etats-Unis a \u00e9veill\u00e9 en moi le d\u00e9sir de mieux comprendre le corps humain et sa biom\u00e9canique afin de&nbsp;r\u00e9v\u00e9ler son r\u00e9el potentiel athl\u00e9tique. Ma curiosit\u00e9 ainsi que ma [&hellip;]<\/p>\n","protected":false},"author":1,"featured_media":0,"parent":0,"menu_order":0,"comment_status":"closed","ping_status":"closed","template":"","meta":{"footnotes":""},"class_list":["post-150","page","type-page","status-publish","hentry"],"blocksy_meta":[],"yoast_head":"<!-- This site is optimized with the Yoast SEO plugin v27.5 - https:\/\/yoast.com\/product\/yoast-seo-wordpress\/ -->\n<title>\u00c0 Propos | Osmove &amp; Maxime Lambert<\/title>\n<meta name=\"description\" content=\"Ost\u00e9opathe sp\u00e9cialis\u00e9 dans les soins des sportifs, dipl\u00f4m\u00e9 de l&#039;Universit\u00e9 Libre de Bruxelles et fondateur de la m\u00e9thode Osmove.\" \/>\n<meta name=\"robots\" content=\"index, follow, max-snippet:-1, max-image-preview:large, max-video-preview:-1\" \/>\n<link rel=\"canonical\" href=\"https:\/\/osmove.be\/fr\/maxime-lambert\/\" \/>\n<meta property=\"og:locale\" content=\"fr_FR\" \/>\n<meta property=\"og:type\" content=\"article\" \/>\n<meta property=\"og:title\" content=\"\u00c0 Propos | Osmove &amp; Maxime Lambert\" \/>\n<meta property=\"og:description\" content=\"Ost\u00e9opathe sp\u00e9cialis\u00e9 dans les soins des sportifs, dipl\u00f4m\u00e9 de l&#039;Universit\u00e9 Libre de Bruxelles et fondateur de la m\u00e9thode Osmove.\" \/>\n<meta property=\"og:url\" content=\"https:\/\/osmove.be\/fr\/maxime-lambert\/\" \/>\n<meta property=\"og:site_name\" content=\"OSmove\" \/>\n<meta property=\"article:publisher\" content=\"https:\/\/www.facebook.com\/MaximeLambert.OSMOVE\" \/>\n<meta property=\"article:modified_time\" content=\"2024-05-23T07:44:00+00:00\" \/>\n<meta property=\"og:image\" content=\"https:\/\/osmove.be\/wp-content\/uploads\/2024\/05\/maxime-lambert-profile-600.jpg\" \/>\n<meta name=\"twitter:card\" content=\"summary_large_image\" \/>\n<script type=\"application\/ld+json\" class=\"yoast-schema-graph\">{\"@context\":\"https:\\\/\\\/schema.org\",\"@graph\":[{\"@type\":\"WebPage\",\"@id\":\"https:\\\/\\\/osmove.be\\\/fr\\\/maxime-lambert\\\/\",\"url\":\"https:\\\/\\\/osmove.be\\\/fr\\\/maxime-lambert\\\/\",\"name\":\"\u00c0 Propos | Osmove & Maxime Lambert\",\"isPartOf\":{\"@id\":\"https:\\\/\\\/osmove.be\\\/fr\\\/#website\"},\"primaryImageOfPage\":{\"@id\":\"https:\\\/\\\/osmove.be\\\/fr\\\/maxime-lambert\\\/#primaryimage\"},\"image\":{\"@id\":\"https:\\\/\\\/osmove.be\\\/fr\\\/maxime-lambert\\\/#primaryimage\"},\"thumbnailUrl\":\"https:\\\/\\\/osmove.be\\\/wp-content\\\/uploads\\\/2024\\\/05\\\/maxime-lambert-profile-600.jpg\",\"datePublished\":\"2024-03-12T15:27:28+00:00\",\"dateModified\":\"2024-05-23T07:44:00+00:00\",\"description\":\"Ost\u00e9opathe sp\u00e9cialis\u00e9 dans les soins des sportifs, dipl\u00f4m\u00e9 de l'Universit\u00e9 Libre de Bruxelles et fondateur de la m\u00e9thode Osmove.\",\"breadcrumb\":{\"@id\":\"https:\\\/\\\/osmove.be\\\/fr\\\/maxime-lambert\\\/#breadcrumb\"},\"inLanguage\":\"fr-FR\",\"potentialAction\":[{\"@type\":\"ReadAction\",\"target\":[\"https:\\\/\\\/osmove.be\\\/fr\\\/maxime-lambert\\\/\"]}]},{\"@type\":\"ImageObject\",\"inLanguage\":\"fr-FR\",\"@id\":\"https:\\\/\\\/osmove.be\\\/fr\\\/maxime-lambert\\\/#primaryimage\",\"url\":\"https:\\\/\\\/osmove.be\\\/wp-content\\\/uploads\\\/2024\\\/05\\\/maxime-lambert-profile-600.jpg\",\"contentUrl\":\"https:\\\/\\\/osmove.be\\\/wp-content\\\/uploads\\\/2024\\\/05\\\/maxime-lambert-profile-600.jpg\"},{\"@type\":\"BreadcrumbList\",\"@id\":\"https:\\\/\\\/osmove.be\\\/fr\\\/maxime-lambert\\\/#breadcrumb\",\"itemListElement\":[{\"@type\":\"ListItem\",\"position\":1,\"name\":\"Accueil\",\"item\":\"https:\\\/\\\/osmove.be\\\/fr\\\/\"},{\"@type\":\"ListItem\",\"position\":2,\"name\":\"\u00c0 Propos\"}]},{\"@type\":\"WebSite\",\"@id\":\"https:\\\/\\\/osmove.be\\\/fr\\\/#website\",\"url\":\"https:\\\/\\\/osmove.be\\\/fr\\\/\",\"name\":\"OSmove\",\"description\":\"Maxime Lambert: Ost\u00e9opathe D.O Fondateur de la m\u00e9thode OSMOVE\",\"publisher\":{\"@id\":\"https:\\\/\\\/osmove.be\\\/fr\\\/#organization\"},\"potentialAction\":[{\"@type\":\"SearchAction\",\"target\":{\"@type\":\"EntryPoint\",\"urlTemplate\":\"https:\\\/\\\/osmove.be\\\/fr\\\/?s={search_term_string}\"},\"query-input\":{\"@type\":\"PropertyValueSpecification\",\"valueRequired\":true,\"valueName\":\"search_term_string\"}}],\"inLanguage\":\"fr-FR\"},{\"@type\":\"Organization\",\"@id\":\"https:\\\/\\\/osmove.be\\\/fr\\\/#organization\",\"name\":\"OSmove\",\"url\":\"https:\\\/\\\/osmove.be\\\/fr\\\/\",\"logo\":{\"@type\":\"ImageObject\",\"inLanguage\":\"fr-FR\",\"@id\":\"https:\\\/\\\/osmove.be\\\/fr\\\/#\\\/schema\\\/logo\\\/image\\\/\",\"url\":\"https:\\\/\\\/osmove.be\\\/wp-content\\\/uploads\\\/2024\\\/01\\\/osmove-logo-black.svg\",\"contentUrl\":\"https:\\\/\\\/osmove.be\\\/wp-content\\\/uploads\\\/2024\\\/01\\\/osmove-logo-black.svg\",\"width\":800,\"height\":253,\"caption\":\"OSmove\"},\"image\":{\"@id\":\"https:\\\/\\\/osmove.be\\\/fr\\\/#\\\/schema\\\/logo\\\/image\\\/\"},\"sameAs\":[\"https:\\\/\\\/www.facebook.com\\\/MaximeLambert.OSMOVE\",\"https:\\\/\\\/www.linkedin.com\\\/in\\\/maxime-lambert-a37502216\\\/\",\"https:\\\/\\\/www.instagram.com\\\/o.s.m.o.v.e\\\/\"]}]}<\/script>\n<!-- \/ Yoast SEO plugin. -->","yoast_head_json":{"title":"\u00c0 Propos | Osmove & Maxime Lambert","description":"Ost\u00e9opathe sp\u00e9cialis\u00e9 dans les soins des sportifs, dipl\u00f4m\u00e9 de l'Universit\u00e9 Libre de Bruxelles et fondateur de la m\u00e9thode Osmove.","robots":{"index":"index","follow":"follow","max-snippet":"max-snippet:-1","max-image-preview":"max-image-preview:large","max-video-preview":"max-video-preview:-1"},"canonical":"https:\/\/osmove.be\/fr\/maxime-lambert\/","og_locale":"fr_FR","og_type":"article","og_title":"\u00c0 Propos | Osmove & Maxime Lambert","og_description":"Ost\u00e9opathe sp\u00e9cialis\u00e9 dans les soins des sportifs, dipl\u00f4m\u00e9 de l'Universit\u00e9 Libre de Bruxelles et fondateur de la m\u00e9thode Osmove.","og_url":"https:\/\/osmove.be\/fr\/maxime-lambert\/","og_site_name":"OSmove","article_publisher":"https:\/\/www.facebook.com\/MaximeLambert.OSMOVE","article_modified_time":"2024-05-23T07:44:00+00:00","og_image":[{"url":"https:\/\/osmove.be\/wp-content\/uploads\/2024\/05\/maxime-lambert-profile-600.jpg","type":"","width":"","height":""}],"twitter_card":"summary_large_image","schema":{"@context":"https:\/\/schema.org","@graph":[{"@type":"WebPage","@id":"https:\/\/osmove.be\/fr\/maxime-lambert\/","url":"https:\/\/osmove.be\/fr\/maxime-lambert\/","name":"\u00c0 Propos | Osmove & Maxime Lambert","isPartOf":{"@id":"https:\/\/osmove.be\/fr\/#website"},"primaryImageOfPage":{"@id":"https:\/\/osmove.be\/fr\/maxime-lambert\/#primaryimage"},"image":{"@id":"https:\/\/osmove.be\/fr\/maxime-lambert\/#primaryimage"},"thumbnailUrl":"https:\/\/osmove.be\/wp-content\/uploads\/2024\/05\/maxime-lambert-profile-600.jpg","datePublished":"2024-03-12T15:27:28+00:00","dateModified":"2024-05-23T07:44:00+00:00","description":"Ost\u00e9opathe sp\u00e9cialis\u00e9 dans les soins des sportifs, dipl\u00f4m\u00e9 de l'Universit\u00e9 Libre de Bruxelles et fondateur de la m\u00e9thode Osmove.","breadcrumb":{"@id":"https:\/\/osmove.be\/fr\/maxime-lambert\/#breadcrumb"},"inLanguage":"fr-FR","potentialAction":[{"@type":"ReadAction","target":["https:\/\/osmove.be\/fr\/maxime-lambert\/"]}]},{"@type":"ImageObject","inLanguage":"fr-FR","@id":"https:\/\/osmove.be\/fr\/maxime-lambert\/#primaryimage","url":"https:\/\/osmove.be\/wp-content\/uploads\/2024\/05\/maxime-lambert-profile-600.jpg","contentUrl":"https:\/\/osmove.be\/wp-content\/uploads\/2024\/05\/maxime-lambert-profile-600.jpg"},{"@type":"BreadcrumbList","@id":"https:\/\/osmove.be\/fr\/maxime-lambert\/#breadcrumb","itemListElement":[{"@type":"ListItem","position":1,"name":"Accueil","item":"https:\/\/osmove.be\/fr\/"},{"@type":"ListItem","position":2,"name":"\u00c0 Propos"}]},{"@type":"WebSite","@id":"https:\/\/osmove.be\/fr\/#website","url":"https:\/\/osmove.be\/fr\/","name":"OSmove","description":"Maxime Lambert: Ost\u00e9opathe D.O Fondateur de la m\u00e9thode OSMOVE","publisher":{"@id":"https:\/\/osmove.be\/fr\/#organization"},"potentialAction":[{"@type":"SearchAction","target":{"@type":"EntryPoint","urlTemplate":"https:\/\/osmove.be\/fr\/?s={search_term_string}"},"query-input":{"@type":"PropertyValueSpecification","valueRequired":true,"valueName":"search_term_string"}}],"inLanguage":"fr-FR"},{"@type":"Organization","@id":"https:\/\/osmove.be\/fr\/#organization","name":"OSmove","url":"https:\/\/osmove.be\/fr\/","logo":{"@type":"ImageObject","inLanguage":"fr-FR","@id":"https:\/\/osmove.be\/fr\/#\/schema\/logo\/image\/","url":"https:\/\/osmove.be\/wp-content\/uploads\/2024\/01\/osmove-logo-black.svg","contentUrl":"https:\/\/osmove.be\/wp-content\/uploads\/2024\/01\/osmove-logo-black.svg","width":800,"height":253,"caption":"OSmove"},"image":{"@id":"https:\/\/osmove.be\/fr\/#\/schema\/logo\/image\/"},"sameAs":["https:\/\/www.facebook.com\/MaximeLambert.OSMOVE","https:\/\/www.linkedin.com\/in\/maxime-lambert-a37502216\/","https:\/\/www.instagram.com\/o.s.m.o.v.e\/"]}]}},"jetpack_sharing_enabled":true,"_links":{"self":[{"href":"https:\/\/osmove.be\/fr\/wp-json\/wp\/v2\/pages\/150","targetHints":{"allow":["GET"]}}],"collection":[{"href":"https:\/\/osmove.be\/fr\/wp-json\/wp\/v2\/pages"}],"about":[{"href":"https:\/\/osmove.be\/fr\/wp-json\/wp\/v2\/types\/page"}],"author":[{"embeddable":true,"href":"https:\/\/osmove.be\/fr\/wp-json\/wp\/v2\/users\/1"}],"replies":[{"embeddable":true,"href":"https:\/\/osmove.be\/fr\/wp-json\/wp\/v2\/comments?post=150"}],"version-history":[{"count":22,"href":"https:\/\/osmove.be\/fr\/wp-json\/wp\/v2\/pages\/150\/revisions"}],"predecessor-version":[{"id":1447,"href":"https:\/\/osmove.be\/fr\/wp-json\/wp\/v2\/pages\/150\/revisions\/1447"}],"wp:attachment":[{"href":"https:\/\/osmove.be\/fr\/wp-json\/wp\/v2\/media?parent=150"}],"curies":[{"name":"wp","href":"https:\/\/api.w.org\/{rel}","templated":true}]}}