{"id":161,"date":"2024-03-12T15:29:21","date_gmt":"2024-03-12T15:29:21","guid":{"rendered":"https:\/\/osmove.be\/?page_id=161"},"modified":"2024-06-04T13:12:22","modified_gmt":"2024-06-04T12:12:22","slug":"osteopathe-urgence","status":"publish","type":"page","link":"https:\/\/osmove.be\/fr\/osteopathe-urgence\/","title":{"rendered":"Urgences ost\u00e9opathiques"},"content":{"rendered":"\n<div class=\"wp-block-stackable-columns stk-block-columns stk-block stk-7d32277\" data-block-id=\"7d32277\"><style>.stk-7d32277{margin-bottom:50px !important}.stk-7d32277-column{--stk-columns-spacing:0px !important;--stk-column-gap:50px !important;row-gap:15px !important}<\/style><div class=\"stk-row stk-inner-blocks stk-block-content stk-content-align stk-7d32277-column\">\n<div class=\"wp-block-stackable-column stk-block-column stk-column stk-block stk-e86a5cf\" data-v=\"4\" data-block-id=\"e86a5cf\"><div class=\"stk-column-wrapper stk-block-column__content stk-container stk-e86a5cf-container stk--no-background stk--no-padding\"><div class=\"stk-block-content stk-inner-blocks stk-e86a5cf-inner-blocks\">\n<div class=\"wp-block-stackable-text stk-block-text stk-block stk-574c69a\" data-block-id=\"574c69a\"><style>.stk-574c69a{margin-bottom:50px !important}<\/style><p class=\"stk-block-text__text\">En tant qu\u2019ost\u00e9opathe, je comprends \u00e0 quel point il est crucial de r\u00e9pondre rapidement aux besoins de mes patients, surtout en cas d\u2019urgence. Lorsque vous ressentez une douleur aigu\u00eb, une blessure soudaine ou un inconfort s\u00e9v\u00e8re, il est essentiel d\u2019avoir acc\u00e8s \u00e0 des soins ost\u00e9opathiques rapides et efficaces. L\u2019urgence ost\u00e9opathique est donc un service d\u00e9di\u00e9 \u00e0 vous venir en aide en fournissant un traitement ad\u00e9quat pour des situations telles que le lumbago invalidant, un torticolis, une entorse \u00e0 la cheville lors d\u2019une activit\u00e9 sportive ou une migraine qui vous emp\u00eache de mener \u00e0 bien vos activit\u00e9s du quotidien.<\/p><\/div>\n<\/div><\/div><\/div>\n\n\n\n<div class=\"wp-block-stackable-column stk-block-column stk-column stk-block stk-80e573f\" data-v=\"4\" data-block-id=\"80e573f\"><div class=\"stk-column-wrapper stk-block-column__content stk-container stk-80e573f-container stk--no-background stk--no-padding\"><div class=\"stk-block-content stk-inner-blocks stk-80e573f-inner-blocks\">\n<div class=\"wp-block-stackable-image stk-block-image stk-block stk-410caf7\" data-block-id=\"410caf7\"><style>.stk-410caf7{border-top-left-radius:5px !important;border-top-right-radius:5px !important;border-bottom-right-radius:5px !important;border-bottom-left-radius:5px !important;overflow:hidden !important}<\/style><figure><span class=\"stk-img-wrapper stk-image--shape-stretch stk--has-lightbox\"><img data-recalc-dims=\"1\" loading=\"lazy\" decoding=\"async\" class=\"stk-img wp-image-1158\" src=\"https:\/\/i0.wp.com\/osmove.be\/wp-content\/uploads\/2024\/05\/urgences.jpg?resize=1024%2C662&#038;ssl=1\" width=\"1024\" height=\"662\" alt=\"Urgences ost\u00e9opathiques\" srcset=\"https:\/\/i0.wp.com\/osmove.be\/wp-content\/uploads\/2024\/05\/urgences.jpg?resize=1024%2C662&amp;ssl=1 1024w, https:\/\/i0.wp.com\/osmove.be\/wp-content\/uploads\/2024\/05\/urgences.jpg?resize=300%2C194&amp;ssl=1 300w, https:\/\/i0.wp.com\/osmove.be\/wp-content\/uploads\/2024\/05\/urgences.jpg?resize=768%2C496&amp;ssl=1 768w, https:\/\/i0.wp.com\/osmove.be\/wp-content\/uploads\/2024\/05\/urgences.jpg?w=1164&amp;ssl=1 1164w\" sizes=\"auto, (max-width: 1024px) 100vw, 1024px\" \/><\/span><\/figure><\/div>\n<\/div><\/div><\/div>\n<\/div><\/div>\n\n\n\n<div class=\"wp-block-stackable-columns stk-block-columns stk-block stk-5429b3d stk-block-background stk--has-background-overlay\" data-block-id=\"5429b3d\"><style>.stk-5429b3d{background-color:linear-gradient(135deg,rgb(0,25,109) 0%,rgb(16,16,16) 100%) !important;border-top-left-radius:5px !important;border-top-right-radius:5px !important;border-bottom-right-radius:5px !important;border-bottom-left-radius:5px !important;overflow:hidden !important;margin-bottom:50px !important}.stk-5429b3d:before{background-image:linear-gradient(135deg,rgb(0,25,109) 0%,rgb(16,16,16) 100%) !important}<\/style><div class=\"stk-row stk-inner-blocks stk-block-content stk-content-align stk-5429b3d-column\">\n<div class=\"wp-block-stackable-column stk-block-column stk-column stk-block stk-5643a7b\" data-v=\"4\" data-block-id=\"5643a7b\"><style>.stk-5643a7b-inner-blocks{justify-content:center !important}@media screen and (min-width:690px){.stk-5643a7b{flex:var(--stk-flex-grow,1) 1 calc(75% - var(--stk-column-gap,0px) * 1 \/ 2 ) !important}}@media screen and (min-width:690px) and (max-width:999px){.stk-5643a7b{flex:var(--stk-flex-grow,1) 1 calc(100% - var(--stk-column-gap,0px) * 0 \/ 1 ) !important}}<\/style><div class=\"stk-column-wrapper stk-block-column__content stk-container stk-5643a7b-container stk--no-background stk--no-padding\"><div class=\"has-text-align-center-tablet stk--column-flex stk-block-content stk-inner-blocks stk-5643a7b-inner-blocks\">\n<div class=\"wp-block-stackable-text stk-block-text stk-block stk-b04a6bb\" data-block-id=\"b04a6bb\"><style>.stk-b04a6bb{margin-bottom:10px !important}.stk-b04a6bb .stk-block-text__text{font-size:26px !important;color:var(--theme-palette-color-8,#ffffff) !important;font-weight:600 !important;letter-spacing:-1px !important}@media screen and (max-width:999px){.stk-b04a6bb .stk-block-text__text{font-size:20px !important}}<\/style><p class=\"stk-block-text__text has-text-color has-text-align-left\">Vous souffrez d\u2019une douleur invalidante qui vous freine dans votre quotidien ? <\/p><\/div>\n\n\n\n<div class=\"wp-block-stackable-text stk-block-text stk-block stk-3cc9866\" data-block-id=\"3cc9866\"><style>.stk-3cc9866{margin-bottom:10px !important}.stk-3cc9866 .stk-block-text__text{color:var(--theme-palette-color-8,#ffffff) !important}<\/style><p class=\"stk-block-text__text has-text-color\">Alors ne souffrez plus en silence et contactez-moi pour obtenir l\u2019aide dont vous avez besoin.<\/p><\/div>\n<\/div><\/div><\/div>\n\n\n\n<div class=\"wp-block-stackable-column stk-block-column stk-column stk-block stk-571acef\" data-v=\"4\" data-block-id=\"571acef\"><style>.stk-571acef-inner-blocks{justify-content:center !important}@media screen and (min-width:690px){.stk-571acef{flex:var(--stk-flex-grow,1) 1 calc(25% - var(--stk-column-gap,0px) * 1 \/ 2 ) !important}}@media screen and (min-width:690px) and (max-width:999px){.stk-571acef{flex:var(--stk-flex-grow,1) 1 calc(100% - var(--stk-column-gap,0px) * 0 \/ 1 ) !important}}<\/style><div class=\"stk-column-wrapper stk-block-column__content stk-container stk-571acef-container stk--no-background stk--no-padding\"><div class=\"stk--column-flex stk-block-content stk-inner-blocks stk-571acef-inner-blocks\">\n<div class=\"wp-block-stackable-button-group stk-block-button-group stk-block stk-17faa7e\" data-block-id=\"17faa7e\"><div class=\"stk-row stk-inner-blocks has-text-align-center stk-block-content stk-button-group\">\n<div class=\"wp-block-stackable-button stk-block-button has-text-align-right is-style-ghost stk-block stk-3a0e670\" data-block-id=\"3a0e670\"><style>.stk-3a0e670 .stk-button{background:transparent !important}.stk-3a0e670 .stk-button:hover:after{background:var(--theme-palette-color-8,#ffffff) !important;opacity:1 !important}:where(.stk-hover-parent:hover,.stk-hover-parent.stk--is-hovered) .stk-3a0e670 .stk-button:after{background:transparent !important;opacity:1 !important}.stk-3a0e670 .stk-button:before{border-style:solid !important;border-color:var(--theme-palette-color-8,#ffffff) !important;border-top-width:2px !important;border-right-width:2px !important;border-bottom-width:2px !important;border-left-width:2px !important}.stk-3a0e670 .stk-button .stk--inner-svg svg:last-child{margin-inline-end:0px !important}.stk-3a0e670 .stk-button .stk--inner-svg svg:last-child,.stk-3a0e670 .stk-button .stk--inner-svg svg:last-child :is(g,path,rect,polygon,ellipse){fill:var(--theme-palette-color-8,#ffffff) !important}.stk-3a0e670 .stk-button:hover .stk--inner-svg svg:last-child,.stk-3a0e670 .stk-button:hover .stk--inner-svg svg:last-child :is(g,path,rect,polygon,ellipse){fill:var(--theme-palette-color-5,#00196d) !important}.stk-3a0e670 .stk-button__inner-text{color:var(--theme-palette-color-8,#ffffff) !important;font-weight:600 !important;text-transform:uppercase !important}.stk-3a0e670 .stk-button:hover .stk-button__inner-text{color:var(--theme-palette-color-5,#00196d) !important}<\/style><a class=\"stk-link stk-button stk--hover-effect-darken\" href=\"https:\/\/www.doctoranytime.be\/d\/osteopathe\/maxime-lambert-2\" target=\"_blank\" rel=\"noreferrer noopener\"><span class=\"stk--svg-wrapper\"><div class=\"stk--inner-svg\"><svg xmlns=\"http:\/\/www.w3.org\/2000\/svg\" viewBox=\"0 0 448 512\" aria-hidden=\"true\" width=\"32\" height=\"32\"><path d=\"M128 0c13.3 0 24 10.7 24 24V64H296V24c0-13.3 10.7-24 24-24s24 10.7 24 24V64h40c35.3 0 64 28.7 64 64v16 48V448c0 35.3-28.7 64-64 64H64c-35.3 0-64-28.7-64-64V192 144 128C0 92.7 28.7 64 64 64h40V24c0-13.3 10.7-24 24-24zM400 192H48V448c0 8.8 7.2 16 16 16H384c8.8 0 16-7.2 16-16V192zM329 297L217 409c-9.4 9.4-24.6 9.4-33.9 0l-64-64c-9.4-9.4-9.4-24.6 0-33.9s24.6-9.4 33.9 0l47 47 95-95c9.4-9.4 24.6-9.4 33.9 0s9.4 24.6 0 33.9z\"><\/path><\/svg><\/div><\/span><span class=\"has-text-color stk-button__inner-text\">prendre rendez-vous<\/span><\/a><\/div>\n<\/div><\/div>\n<\/div><\/div><\/div>\n<\/div><\/div>\n","protected":false},"excerpt":{"rendered":"<p>En tant qu\u2019ost\u00e9opathe, je comprends \u00e0 quel point il est crucial de r\u00e9pondre rapidement aux besoins de mes patients, surtout en cas d\u2019urgence. Lorsque vous ressentez une douleur aigu\u00eb, une blessure soudaine ou un inconfort s\u00e9v\u00e8re, il est essentiel d\u2019avoir acc\u00e8s \u00e0 des soins ost\u00e9opathiques rapides et efficaces. L\u2019urgence ost\u00e9opathique est donc un service d\u00e9di\u00e9 [&hellip;]<\/p>\n","protected":false},"author":1,"featured_media":0,"parent":0,"menu_order":0,"comment_status":"closed","ping_status":"closed","template":"","meta":{"footnotes":""},"class_list":["post-161","page","type-page","status-publish","hentry"],"blocksy_meta":[],"yoast_head":"<!-- This site is optimized with the Yoast SEO plugin v27.5 - https:\/\/yoast.com\/product\/yoast-seo-wordpress\/ -->\n<title>Ost\u00e9opathe d&#039;urgence de garde<\/title>\n<meta name=\"description\" content=\"En tant qu&#039;ost\u00e9opathe, je comprends \u00e0 quel point il est crucial de r\u00e9pondre rapidement aux besoins de mes patients, notamment en cas d&#039;urgence.\" \/>\n<meta name=\"robots\" content=\"index, follow, max-snippet:-1, max-image-preview:large, max-video-preview:-1\" \/>\n<link rel=\"canonical\" href=\"https:\/\/osmove.be\/fr\/osteopathe-urgence\/\" \/>\n<meta property=\"og:locale\" content=\"fr_FR\" \/>\n<meta property=\"og:type\" content=\"article\" \/>\n<meta property=\"og:title\" content=\"Ost\u00e9opathe d&#039;urgence de garde\" \/>\n<meta property=\"og:description\" content=\"En tant qu&#039;ost\u00e9opathe, je comprends \u00e0 quel point il est crucial de r\u00e9pondre rapidement aux besoins de mes patients, notamment en cas d&#039;urgence.\" \/>\n<meta property=\"og:url\" content=\"https:\/\/osmove.be\/fr\/osteopathe-urgence\/\" \/>\n<meta property=\"og:site_name\" content=\"OSmove\" \/>\n<meta property=\"article:publisher\" content=\"https:\/\/www.facebook.com\/MaximeLambert.OSMOVE\" \/>\n<meta property=\"article:modified_time\" content=\"2024-06-04T12:12:22+00:00\" \/>\n<meta property=\"og:image\" content=\"https:\/\/osmove.be\/wp-content\/uploads\/2024\/05\/urgences-1024x662.jpg\" \/>\n<meta name=\"twitter:card\" content=\"summary_large_image\" \/>\n<meta name=\"twitter:label1\" content=\"Dur\u00e9e de lecture estim\u00e9e\" \/>\n\t<meta name=\"twitter:data1\" content=\"1 minute\" \/>\n<script type=\"application\/ld+json\" class=\"yoast-schema-graph\">{\"@context\":\"https:\\\/\\\/schema.org\",\"@graph\":[{\"@type\":\"WebPage\",\"@id\":\"https:\\\/\\\/osmove.be\\\/fr\\\/osteopathe-urgence\\\/\",\"url\":\"https:\\\/\\\/osmove.be\\\/fr\\\/osteopathe-urgence\\\/\",\"name\":\"Ost\u00e9opathe d'urgence de garde\",\"isPartOf\":{\"@id\":\"https:\\\/\\\/osmove.be\\\/fr\\\/#website\"},\"primaryImageOfPage\":{\"@id\":\"https:\\\/\\\/osmove.be\\\/fr\\\/osteopathe-urgence\\\/#primaryimage\"},\"image\":{\"@id\":\"https:\\\/\\\/osmove.be\\\/fr\\\/osteopathe-urgence\\\/#primaryimage\"},\"thumbnailUrl\":\"https:\\\/\\\/osmove.be\\\/wp-content\\\/uploads\\\/2024\\\/05\\\/urgences-1024x662.jpg\",\"datePublished\":\"2024-03-12T15:29:21+00:00\",\"dateModified\":\"2024-06-04T12:12:22+00:00\",\"description\":\"En tant qu'ost\u00e9opathe, je comprends \u00e0 quel point il est crucial de r\u00e9pondre rapidement aux besoins de mes patients, notamment en cas d'urgence.\",\"breadcrumb\":{\"@id\":\"https:\\\/\\\/osmove.be\\\/fr\\\/osteopathe-urgence\\\/#breadcrumb\"},\"inLanguage\":\"fr-FR\",\"potentialAction\":[{\"@type\":\"ReadAction\",\"target\":[\"https:\\\/\\\/osmove.be\\\/fr\\\/osteopathe-urgence\\\/\"]}]},{\"@type\":\"ImageObject\",\"inLanguage\":\"fr-FR\",\"@id\":\"https:\\\/\\\/osmove.be\\\/fr\\\/osteopathe-urgence\\\/#primaryimage\",\"url\":\"https:\\\/\\\/osmove.be\\\/wp-content\\\/uploads\\\/2024\\\/05\\\/urgences-1024x662.jpg\",\"contentUrl\":\"https:\\\/\\\/osmove.be\\\/wp-content\\\/uploads\\\/2024\\\/05\\\/urgences-1024x662.jpg\"},{\"@type\":\"BreadcrumbList\",\"@id\":\"https:\\\/\\\/osmove.be\\\/fr\\\/osteopathe-urgence\\\/#breadcrumb\",\"itemListElement\":[{\"@type\":\"ListItem\",\"position\":1,\"name\":\"Accueil\",\"item\":\"https:\\\/\\\/osmove.be\\\/fr\\\/\"},{\"@type\":\"ListItem\",\"position\":2,\"name\":\"Urgences ost\u00e9opathiques\"}]},{\"@type\":\"WebSite\",\"@id\":\"https:\\\/\\\/osmove.be\\\/fr\\\/#website\",\"url\":\"https:\\\/\\\/osmove.be\\\/fr\\\/\",\"name\":\"OSmove\",\"description\":\"Maxime Lambert: Ost\u00e9opathe D.O Fondateur de la m\u00e9thode OSMOVE\",\"publisher\":{\"@id\":\"https:\\\/\\\/osmove.be\\\/fr\\\/#organization\"},\"potentialAction\":[{\"@type\":\"SearchAction\",\"target\":{\"@type\":\"EntryPoint\",\"urlTemplate\":\"https:\\\/\\\/osmove.be\\\/fr\\\/?s={search_term_string}\"},\"query-input\":{\"@type\":\"PropertyValueSpecification\",\"valueRequired\":true,\"valueName\":\"search_term_string\"}}],\"inLanguage\":\"fr-FR\"},{\"@type\":\"Organization\",\"@id\":\"https:\\\/\\\/osmove.be\\\/fr\\\/#organization\",\"name\":\"OSmove\",\"url\":\"https:\\\/\\\/osmove.be\\\/fr\\\/\",\"logo\":{\"@type\":\"ImageObject\",\"inLanguage\":\"fr-FR\",\"@id\":\"https:\\\/\\\/osmove.be\\\/fr\\\/#\\\/schema\\\/logo\\\/image\\\/\",\"url\":\"https:\\\/\\\/osmove.be\\\/wp-content\\\/uploads\\\/2024\\\/01\\\/osmove-logo-black.svg\",\"contentUrl\":\"https:\\\/\\\/osmove.be\\\/wp-content\\\/uploads\\\/2024\\\/01\\\/osmove-logo-black.svg\",\"width\":800,\"height\":253,\"caption\":\"OSmove\"},\"image\":{\"@id\":\"https:\\\/\\\/osmove.be\\\/fr\\\/#\\\/schema\\\/logo\\\/image\\\/\"},\"sameAs\":[\"https:\\\/\\\/www.facebook.com\\\/MaximeLambert.OSMOVE\",\"https:\\\/\\\/www.linkedin.com\\\/in\\\/maxime-lambert-a37502216\\\/\",\"https:\\\/\\\/www.instagram.com\\\/o.s.m.o.v.e\\\/\"]}]}<\/script>\n<!-- \/ Yoast SEO plugin. -->","yoast_head_json":{"title":"Ost\u00e9opathe d'urgence de garde","description":"En tant qu'ost\u00e9opathe, je comprends \u00e0 quel point il est crucial de r\u00e9pondre rapidement aux besoins de mes patients, notamment en cas d'urgence.","robots":{"index":"index","follow":"follow","max-snippet":"max-snippet:-1","max-image-preview":"max-image-preview:large","max-video-preview":"max-video-preview:-1"},"canonical":"https:\/\/osmove.be\/fr\/osteopathe-urgence\/","og_locale":"fr_FR","og_type":"article","og_title":"Ost\u00e9opathe d'urgence de garde","og_description":"En tant qu'ost\u00e9opathe, je comprends \u00e0 quel point il est crucial de r\u00e9pondre rapidement aux besoins de mes patients, notamment en cas d'urgence.","og_url":"https:\/\/osmove.be\/fr\/osteopathe-urgence\/","og_site_name":"OSmove","article_publisher":"https:\/\/www.facebook.com\/MaximeLambert.OSMOVE","article_modified_time":"2024-06-04T12:12:22+00:00","og_image":[{"url":"https:\/\/osmove.be\/wp-content\/uploads\/2024\/05\/urgences-1024x662.jpg","type":"","width":"","height":""}],"twitter_card":"summary_large_image","twitter_misc":{"Dur\u00e9e de lecture estim\u00e9e":"1 minute"},"schema":{"@context":"https:\/\/schema.org","@graph":[{"@type":"WebPage","@id":"https:\/\/osmove.be\/fr\/osteopathe-urgence\/","url":"https:\/\/osmove.be\/fr\/osteopathe-urgence\/","name":"Ost\u00e9opathe d'urgence de garde","isPartOf":{"@id":"https:\/\/osmove.be\/fr\/#website"},"primaryImageOfPage":{"@id":"https:\/\/osmove.be\/fr\/osteopathe-urgence\/#primaryimage"},"image":{"@id":"https:\/\/osmove.be\/fr\/osteopathe-urgence\/#primaryimage"},"thumbnailUrl":"https:\/\/osmove.be\/wp-content\/uploads\/2024\/05\/urgences-1024x662.jpg","datePublished":"2024-03-12T15:29:21+00:00","dateModified":"2024-06-04T12:12:22+00:00","description":"En tant qu'ost\u00e9opathe, je comprends \u00e0 quel point il est crucial de r\u00e9pondre rapidement aux besoins de mes patients, notamment en cas d'urgence.","breadcrumb":{"@id":"https:\/\/osmove.be\/fr\/osteopathe-urgence\/#breadcrumb"},"inLanguage":"fr-FR","potentialAction":[{"@type":"ReadAction","target":["https:\/\/osmove.be\/fr\/osteopathe-urgence\/"]}]},{"@type":"ImageObject","inLanguage":"fr-FR","@id":"https:\/\/osmove.be\/fr\/osteopathe-urgence\/#primaryimage","url":"https:\/\/osmove.be\/wp-content\/uploads\/2024\/05\/urgences-1024x662.jpg","contentUrl":"https:\/\/osmove.be\/wp-content\/uploads\/2024\/05\/urgences-1024x662.jpg"},{"@type":"BreadcrumbList","@id":"https:\/\/osmove.be\/fr\/osteopathe-urgence\/#breadcrumb","itemListElement":[{"@type":"ListItem","position":1,"name":"Accueil","item":"https:\/\/osmove.be\/fr\/"},{"@type":"ListItem","position":2,"name":"Urgences ost\u00e9opathiques"}]},{"@type":"WebSite","@id":"https:\/\/osmove.be\/fr\/#website","url":"https:\/\/osmove.be\/fr\/","name":"OSmove","description":"Maxime Lambert: Ost\u00e9opathe D.O Fondateur de la m\u00e9thode OSMOVE","publisher":{"@id":"https:\/\/osmove.be\/fr\/#organization"},"potentialAction":[{"@type":"SearchAction","target":{"@type":"EntryPoint","urlTemplate":"https:\/\/osmove.be\/fr\/?s={search_term_string}"},"query-input":{"@type":"PropertyValueSpecification","valueRequired":true,"valueName":"search_term_string"}}],"inLanguage":"fr-FR"},{"@type":"Organization","@id":"https:\/\/osmove.be\/fr\/#organization","name":"OSmove","url":"https:\/\/osmove.be\/fr\/","logo":{"@type":"ImageObject","inLanguage":"fr-FR","@id":"https:\/\/osmove.be\/fr\/#\/schema\/logo\/image\/","url":"https:\/\/osmove.be\/wp-content\/uploads\/2024\/01\/osmove-logo-black.svg","contentUrl":"https:\/\/osmove.be\/wp-content\/uploads\/2024\/01\/osmove-logo-black.svg","width":800,"height":253,"caption":"OSmove"},"image":{"@id":"https:\/\/osmove.be\/fr\/#\/schema\/logo\/image\/"},"sameAs":["https:\/\/www.facebook.com\/MaximeLambert.OSMOVE","https:\/\/www.linkedin.com\/in\/maxime-lambert-a37502216\/","https:\/\/www.instagram.com\/o.s.m.o.v.e\/"]}]}},"jetpack_sharing_enabled":true,"_links":{"self":[{"href":"https:\/\/osmove.be\/fr\/wp-json\/wp\/v2\/pages\/161","targetHints":{"allow":["GET"]}}],"collection":[{"href":"https:\/\/osmove.be\/fr\/wp-json\/wp\/v2\/pages"}],"about":[{"href":"https:\/\/osmove.be\/fr\/wp-json\/wp\/v2\/types\/page"}],"author":[{"embeddable":true,"href":"https:\/\/osmove.be\/fr\/wp-json\/wp\/v2\/users\/1"}],"replies":[{"embeddable":true,"href":"https:\/\/osmove.be\/fr\/wp-json\/wp\/v2\/comments?post=161"}],"version-history":[{"count":15,"href":"https:\/\/osmove.be\/fr\/wp-json\/wp\/v2\/pages\/161\/revisions"}],"predecessor-version":[{"id":1315,"href":"https:\/\/osmove.be\/fr\/wp-json\/wp\/v2\/pages\/161\/revisions\/1315"}],"wp:attachment":[{"href":"https:\/\/osmove.be\/fr\/wp-json\/wp\/v2\/media?parent=161"}],"curies":[{"name":"wp","href":"https:\/\/api.w.org\/{rel}","templated":true}]}}